{"id":8745,"date":"2022-12-12T13:29:41","date_gmt":"2022-12-12T11:29:41","guid":{"rendered":"https:\/\/ydrokeramiki.gr\/product\/oioli-6640-sink-battery-with-shower-mixer-chrome\/"},"modified":"2022-12-12T13:29:41","modified_gmt":"2022-12-12T11:29:41","slug":"oioli-6640-bataria-nerochytou-me-ntouz-anameiktiki-chrome","status":"publish","type":"product","link":"https:\/\/ydrokeramiki.gr\/en\/product\/oioli-6640-bataria-nerochytou-me-ntouz-anameiktiki-chrome\/","title":{"rendered":"Oioli 6640 Sink battery with shower mixer Chrom\u00e9"},"content":{"rendered":"<p>Oioli 6640 Sink battery with shower mixer Chrom\u00e9<\/p>\n<p>High quality modern and ergonomic design<br \/>\nKitchen Battery Mixed Kitchen Battery Chrom\u00e9<br \/>\nWith Detachable phone<br \/>\nWith ceramic tray<br \/>\nFactory Oioli Rubinetterie<br \/>\nMade in Italy<\/p>\n","protected":false},"excerpt":{"rendered":"<p>Oioli 6640 Sink battery with shower mixer Chrom\u00e9 High quality modern and ergonomic design Kitchen Battery Mixed Kitchen Battery Chrom\u00e9<\/p>\n","protected":false},"featured_media":8070,"template":"","meta":[],"product_brand":[],"product_cat":[111,145],"product_tag":[],"class_list":{"0":"post-8745","1":"product","2":"type-product","3":"status-publish","4":"has-post-thumbnail","6":"product_cat-faucets","7":"product_cat-sink","9":"first","10":"outofstock","11":"taxable","12":"shipping-taxable","13":"purchasable","14":"product-type-simple"},"yoast_head":"<!-- This site is optimized with the Yoast SEO plugin v27.3 - https:\/\/yoast.com\/product\/yoast-seo-wordpress\/ -->\n<title>Oioli 6640 Sink battery with shower mixer Chrom\u00e9 - Ydrokeramiki<\/title>\n<meta name=\"robots\" content=\"index, follow, max-snippet:-1, max-image-preview:large, max-video-preview:-1\" \/>\n<link rel=\"canonical\" href=\"https:\/\/ydrokeramiki.gr\/en\/product\/oioli-6640-bataria-nerochytou-me-ntouz-anameiktiki-chrome\/\" \/>\n<meta property=\"og:locale\" content=\"en_US\" \/>\n<meta property=\"og:type\" content=\"article\" \/>\n<meta property=\"og:title\" content=\"Oioli 6640 Sink battery with shower mixer Chrom\u00e9 - Ydrokeramiki\" \/>\n<meta property=\"og:description\" content=\"Oioli 6640 Sink battery with shower mixer Chrom\u00e9 High quality modern and ergonomic design Kitchen Battery Mixed Kitchen Battery Chrom\u00e9\" \/>\n<meta property=\"og:url\" content=\"https:\/\/ydrokeramiki.gr\/en\/product\/oioli-6640-bataria-nerochytou-me-ntouz-anameiktiki-chrome\/\" \/>\n<meta property=\"og:site_name\" content=\"Ydrokeramiki\" \/>\n<meta property=\"og:image\" content=\"https:\/\/ydrokeramiki.gr\/wp-content\/uploads\/2022\/12\/products-6640.jpg\" \/>\n\t<meta property=\"og:image:width\" content=\"549\" \/>\n\t<meta property=\"og:image:height\" content=\"768\" \/>\n\t<meta property=\"og:image:type\" content=\"image\/jpeg\" \/>\n<meta name=\"twitter:card\" content=\"summary_large_image\" \/>\n<script type=\"application\/ld+json\" class=\"yoast-schema-graph\">{\"@context\":\"https:\\\/\\\/schema.org\",\"@graph\":[{\"@type\":\"WebPage\",\"@id\":\"https:\\\/\\\/ydrokeramiki.gr\\\/en\\\/product\\\/oioli-6640-bataria-nerochytou-me-ntouz-anameiktiki-chrome\\\/\",\"url\":\"https:\\\/\\\/ydrokeramiki.gr\\\/en\\\/product\\\/oioli-6640-bataria-nerochytou-me-ntouz-anameiktiki-chrome\\\/\",\"name\":\"Oioli 6640 Sink battery with shower mixer Chrom\u00e9 - Ydrokeramiki\",\"isPartOf\":{\"@id\":\"https:\\\/\\\/ydrokeramiki.gr\\\/en\\\/#website\"},\"primaryImageOfPage\":{\"@id\":\"https:\\\/\\\/ydrokeramiki.gr\\\/en\\\/product\\\/oioli-6640-bataria-nerochytou-me-ntouz-anameiktiki-chrome\\\/#primaryimage\"},\"image\":{\"@id\":\"https:\\\/\\\/ydrokeramiki.gr\\\/en\\\/product\\\/oioli-6640-bataria-nerochytou-me-ntouz-anameiktiki-chrome\\\/#primaryimage\"},\"thumbnailUrl\":\"https:\\\/\\\/ydrokeramiki.gr\\\/wp-content\\\/uploads\\\/2022\\\/12\\\/products-6640.jpg\",\"datePublished\":\"2022-12-12T11:29:41+00:00\",\"breadcrumb\":{\"@id\":\"https:\\\/\\\/ydrokeramiki.gr\\\/en\\\/product\\\/oioli-6640-bataria-nerochytou-me-ntouz-anameiktiki-chrome\\\/#breadcrumb\"},\"inLanguage\":\"en-US\",\"potentialAction\":[{\"@type\":\"ReadAction\",\"target\":[\"https:\\\/\\\/ydrokeramiki.gr\\\/en\\\/product\\\/oioli-6640-bataria-nerochytou-me-ntouz-anameiktiki-chrome\\\/\"]}]},{\"@type\":\"ImageObject\",\"inLanguage\":\"en-US\",\"@id\":\"https:\\\/\\\/ydrokeramiki.gr\\\/en\\\/product\\\/oioli-6640-bataria-nerochytou-me-ntouz-anameiktiki-chrome\\\/#primaryimage\",\"url\":\"https:\\\/\\\/ydrokeramiki.gr\\\/wp-content\\\/uploads\\\/2022\\\/12\\\/products-6640.jpg\",\"contentUrl\":\"https:\\\/\\\/ydrokeramiki.gr\\\/wp-content\\\/uploads\\\/2022\\\/12\\\/products-6640.jpg\",\"width\":549,\"height\":768,\"caption\":\"products 6640\"},{\"@type\":\"BreadcrumbList\",\"@id\":\"https:\\\/\\\/ydrokeramiki.gr\\\/en\\\/product\\\/oioli-6640-bataria-nerochytou-me-ntouz-anameiktiki-chrome\\\/#breadcrumb\",\"itemListElement\":[{\"@type\":\"ListItem\",\"position\":1,\"name\":\"Home\",\"item\":\"https:\\\/\\\/ydrokeramiki.gr\\\/en\\\/\"},{\"@type\":\"ListItem\",\"position\":2,\"name\":\"Shop\",\"item\":\"https:\\\/\\\/ydrokeramiki.gr\\\/en\\\/shop-2\\\/\"},{\"@type\":\"ListItem\",\"position\":3,\"name\":\"Oioli 6640 Sink battery with shower mixer Chrom\u00e9\"}]},{\"@type\":\"WebSite\",\"@id\":\"https:\\\/\\\/ydrokeramiki.gr\\\/en\\\/#website\",\"url\":\"https:\\\/\\\/ydrokeramiki.gr\\\/en\\\/\",\"name\":\"Ydrokeramiki\",\"description\":\"Plumbing - Sanitary ware - Installations\",\"publisher\":{\"@id\":\"https:\\\/\\\/ydrokeramiki.gr\\\/en\\\/#organization\"},\"potentialAction\":[{\"@type\":\"SearchAction\",\"target\":{\"@type\":\"EntryPoint\",\"urlTemplate\":\"https:\\\/\\\/ydrokeramiki.gr\\\/en\\\/?s={search_term_string}\"},\"query-input\":{\"@type\":\"PropertyValueSpecification\",\"valueRequired\":true,\"valueName\":\"search_term_string\"}}],\"inLanguage\":\"en-US\"},{\"@type\":\"Organization\",\"@id\":\"https:\\\/\\\/ydrokeramiki.gr\\\/en\\\/#organization\",\"name\":\"Ydrokeramiki\",\"url\":\"https:\\\/\\\/ydrokeramiki.gr\\\/en\\\/\",\"logo\":{\"@type\":\"ImageObject\",\"inLanguage\":\"en-US\",\"@id\":\"https:\\\/\\\/ydrokeramiki.gr\\\/en\\\/#\\\/schema\\\/logo\\\/image\\\/\",\"url\":\"https:\\\/\\\/ydrokeramiki.gr\\\/wp-content\\\/uploads\\\/2021\\\/11\\\/ydrokeramiki-logo.png\",\"contentUrl\":\"https:\\\/\\\/ydrokeramiki.gr\\\/wp-content\\\/uploads\\\/2021\\\/11\\\/ydrokeramiki-logo.png\",\"width\":442,\"height\":152,\"caption\":\"Ydrokeramiki\"},\"image\":{\"@id\":\"https:\\\/\\\/ydrokeramiki.gr\\\/en\\\/#\\\/schema\\\/logo\\\/image\\\/\"}}]}<\/script>\n<!-- \/ Yoast SEO plugin. -->","yoast_head_json":{"title":"Oioli 6640 Sink battery with shower mixer Chrom\u00e9 - Ydrokeramiki","robots":{"index":"index","follow":"follow","max-snippet":"max-snippet:-1","max-image-preview":"max-image-preview:large","max-video-preview":"max-video-preview:-1"},"canonical":"https:\/\/ydrokeramiki.gr\/en\/product\/oioli-6640-bataria-nerochytou-me-ntouz-anameiktiki-chrome\/","og_locale":"en_US","og_type":"article","og_title":"Oioli 6640 Sink battery with shower mixer Chrom\u00e9 - Ydrokeramiki","og_description":"Oioli 6640 Sink battery with shower mixer Chrom\u00e9 High quality modern and ergonomic design Kitchen Battery Mixed Kitchen Battery Chrom\u00e9","og_url":"https:\/\/ydrokeramiki.gr\/en\/product\/oioli-6640-bataria-nerochytou-me-ntouz-anameiktiki-chrome\/","og_site_name":"Ydrokeramiki","og_image":[{"width":549,"height":768,"url":"https:\/\/ydrokeramiki.gr\/wp-content\/uploads\/2022\/12\/products-6640.jpg","type":"image\/jpeg"}],"twitter_card":"summary_large_image","schema":{"@context":"https:\/\/schema.org","@graph":[{"@type":"WebPage","@id":"https:\/\/ydrokeramiki.gr\/en\/product\/oioli-6640-bataria-nerochytou-me-ntouz-anameiktiki-chrome\/","url":"https:\/\/ydrokeramiki.gr\/en\/product\/oioli-6640-bataria-nerochytou-me-ntouz-anameiktiki-chrome\/","name":"Oioli 6640 Sink battery with shower mixer Chrom\u00e9 - Ydrokeramiki","isPartOf":{"@id":"https:\/\/ydrokeramiki.gr\/en\/#website"},"primaryImageOfPage":{"@id":"https:\/\/ydrokeramiki.gr\/en\/product\/oioli-6640-bataria-nerochytou-me-ntouz-anameiktiki-chrome\/#primaryimage"},"image":{"@id":"https:\/\/ydrokeramiki.gr\/en\/product\/oioli-6640-bataria-nerochytou-me-ntouz-anameiktiki-chrome\/#primaryimage"},"thumbnailUrl":"https:\/\/ydrokeramiki.gr\/wp-content\/uploads\/2022\/12\/products-6640.jpg","datePublished":"2022-12-12T11:29:41+00:00","breadcrumb":{"@id":"https:\/\/ydrokeramiki.gr\/en\/product\/oioli-6640-bataria-nerochytou-me-ntouz-anameiktiki-chrome\/#breadcrumb"},"inLanguage":"en-US","potentialAction":[{"@type":"ReadAction","target":["https:\/\/ydrokeramiki.gr\/en\/product\/oioli-6640-bataria-nerochytou-me-ntouz-anameiktiki-chrome\/"]}]},{"@type":"ImageObject","inLanguage":"en-US","@id":"https:\/\/ydrokeramiki.gr\/en\/product\/oioli-6640-bataria-nerochytou-me-ntouz-anameiktiki-chrome\/#primaryimage","url":"https:\/\/ydrokeramiki.gr\/wp-content\/uploads\/2022\/12\/products-6640.jpg","contentUrl":"https:\/\/ydrokeramiki.gr\/wp-content\/uploads\/2022\/12\/products-6640.jpg","width":549,"height":768,"caption":"products 6640"},{"@type":"BreadcrumbList","@id":"https:\/\/ydrokeramiki.gr\/en\/product\/oioli-6640-bataria-nerochytou-me-ntouz-anameiktiki-chrome\/#breadcrumb","itemListElement":[{"@type":"ListItem","position":1,"name":"Home","item":"https:\/\/ydrokeramiki.gr\/en\/"},{"@type":"ListItem","position":2,"name":"Shop","item":"https:\/\/ydrokeramiki.gr\/en\/shop-2\/"},{"@type":"ListItem","position":3,"name":"Oioli 6640 Sink battery with shower mixer Chrom\u00e9"}]},{"@type":"WebSite","@id":"https:\/\/ydrokeramiki.gr\/en\/#website","url":"https:\/\/ydrokeramiki.gr\/en\/","name":"Ydrokeramiki","description":"Plumbing - Sanitary ware - Installations","publisher":{"@id":"https:\/\/ydrokeramiki.gr\/en\/#organization"},"potentialAction":[{"@type":"SearchAction","target":{"@type":"EntryPoint","urlTemplate":"https:\/\/ydrokeramiki.gr\/en\/?s={search_term_string}"},"query-input":{"@type":"PropertyValueSpecification","valueRequired":true,"valueName":"search_term_string"}}],"inLanguage":"en-US"},{"@type":"Organization","@id":"https:\/\/ydrokeramiki.gr\/en\/#organization","name":"Ydrokeramiki","url":"https:\/\/ydrokeramiki.gr\/en\/","logo":{"@type":"ImageObject","inLanguage":"en-US","@id":"https:\/\/ydrokeramiki.gr\/en\/#\/schema\/logo\/image\/","url":"https:\/\/ydrokeramiki.gr\/wp-content\/uploads\/2021\/11\/ydrokeramiki-logo.png","contentUrl":"https:\/\/ydrokeramiki.gr\/wp-content\/uploads\/2021\/11\/ydrokeramiki-logo.png","width":442,"height":152,"caption":"Ydrokeramiki"},"image":{"@id":"https:\/\/ydrokeramiki.gr\/en\/#\/schema\/logo\/image\/"}}]}},"_links":{"self":[{"href":"https:\/\/ydrokeramiki.gr\/en\/wp-json\/wp\/v2\/product\/8745","targetHints":{"allow":["GET"]}}],"collection":[{"href":"https:\/\/ydrokeramiki.gr\/en\/wp-json\/wp\/v2\/product"}],"about":[{"href":"https:\/\/ydrokeramiki.gr\/en\/wp-json\/wp\/v2\/types\/product"}],"wp:featuredmedia":[{"embeddable":true,"href":"https:\/\/ydrokeramiki.gr\/en\/wp-json\/wp\/v2\/media\/8070"}],"wp:attachment":[{"href":"https:\/\/ydrokeramiki.gr\/en\/wp-json\/wp\/v2\/media?parent=8745"}],"wp:term":[{"taxonomy":"product_brand","embeddable":true,"href":"https:\/\/ydrokeramiki.gr\/en\/wp-json\/wp\/v2\/product_brand?post=8745"},{"taxonomy":"product_cat","embeddable":true,"href":"https:\/\/ydrokeramiki.gr\/en\/wp-json\/wp\/v2\/product_cat?post=8745"},{"taxonomy":"product_tag","embeddable":true,"href":"https:\/\/ydrokeramiki.gr\/en\/wp-json\/wp\/v2\/product_tag?post=8745"}],"curies":[{"name":"wp","href":"https:\/\/api.w.org\/{rel}","templated":true}]}}